{"id":1414,"date":"2023-02-09T14:55:11","date_gmt":"2023-02-09T14:55:11","guid":{"rendered":"https:\/\/simon-weiland.de\/?page_id=1414"},"modified":"2026-04-25T07:03:59","modified_gmt":"2026-04-25T07:03:59","slug":"blumen-des-boesen-programmheft","status":"publish","type":"page","link":"https:\/\/simon-weiland.de\/?page_id=1414","title":{"rendered":"Rotk\u00e4ppchen"},"content":{"rendered":"\n<p><strong>Lust oder Ver-Lust?<\/strong><\/p>\n\n\n\n<p>Rotk\u00e4ppchen geht eigene Wege und pfl\u00fcckt Blumen: Lust. Doch dann wird es von Schuldgef\u00fchlen aufgefressen, die sich als Gro\u00dfmutter verkleiden: Verlust. Eine Parabel auf innere Dogmen und P\u00e4pste, die das Leben verleiden. Und der J\u00e4ger? Zum Gl\u00fcck gibt es ein Happy End.<\/p>\n\n\n\n<figure class=\"wp-block-image is-resized\"><a href=\"https:\/\/www.youtube.com\/watch?v=19smtCW0nDI&amp;t=1123s\"><img loading=\"lazy\" src=\"https:\/\/simon-weiland.de\/wp-content\/uploads\/2021\/01\/Wolf-mit-Blume.jpg\" alt=\"\" class=\"wp-image-109\" width=\"225\" height=\"217\" srcset=\"https:\/\/simon-weiland.de\/wp-content\/uploads\/2021\/01\/Wolf-mit-Blume.jpg 544w, https:\/\/simon-weiland.de\/wp-content\/uploads\/2021\/01\/Wolf-mit-Blume-300x289.jpg 300w\" sizes=\"(max-width: 225px) 100vw, 225px\" \/><\/a><\/figure>\n\n\n\n<p><strong>Unfehlbare Dogmen<\/strong><\/p>\n\n\n\n<p>Die Performance zeichnet nach, wie Lust durch Dogmen zu Verlust wird. Rotk\u00e4ppchen glaubt, sie sei schuldig, weil sie ihrer Lust folgt und Blumen pfl\u00fcckt. Eine Zuordnung \u00e4hnlich dem Dogma der Erbs\u00fcnde, das alle Menschen f\u00fcr schuldig erkl\u00e4rt, weil Adam und Eva vom Baum der Erkenntnis a\u00dfen.<br><br>Dieses Dogma hat in knapp zweitausend Jahren seine Spuren in der Geschichte hinterlassen: westliche Gesellschaften haben unbewusst Schuldgef\u00fchle in den Knochen. So nimmt es nicht wunder, dass auch die \u00d6konomie von heute den Menschen weismacht, sie seien etwas schuldig. Das m\u00e4chtigste Dogma heutzutage hei\u00dft Wirtschaftswachstum. In einer Wirtschaft, die nur funktioniert, wenn sie w\u00e4chst, bleibt man immer etwas schuldig: nie ist es genug. Aus der Erbschuld wird der Leistungsdruck des Kapitalismus. F\u00fcr Lebensfreude und Lust hat das verheerende Folgen. Nicht nur Rotk\u00e4ppchen wird aufgefressen von Arbeit, Verpflichtungen und Stress. Zum Gl\u00fcck hat das M\u00e4rchen ein Happy End. Rotk\u00e4ppchen entkommt der M\u00fchle, geht wieder eigene Wege und pfl\u00fcckt Blumen: die Lust kehrt zur\u00fcck.<\/p>\n\n\n\n<p>Die Performance ist Teil 1 der <strong>Paradiestrilogie.<\/strong> Die Urfassung wurde 1996 aufgef\u00fchrt. Seither kamen immer wieder neue Versionen auf die B\u00fchne. <\/p>\n\n\n\n<p><strong>Libretto<\/strong> <\/p>\n\n\n\n<div class=\"wp-block-file\"><a href=\"https:\/\/simon-weiland.de\/wp-content\/uploads\/2026\/04\/Rotkaeppchen.docx\">Rotk\u00e4ppchen<\/a><a href=\"https:\/\/simon-weiland.de\/wp-content\/uploads\/2026\/04\/Rotkaeppchen.docx\" class=\"wp-block-file__button\" download>Herunterladen<\/a><\/div>\n\n\n\n<p><strong>H\u00f6rspielversion von 2016<\/strong><\/p>\n\n\n\n<p><a href=\"https:\/\/www.youtube.com\/watch?v=19smtCW0nDI&amp;t=1123s\">hier<\/a><\/p>\n\n\n\n<p><strong>Credits<\/strong><\/p>\n\n\n\n<p>Text und Musik \u00a9 2021 Simon Weiland, au\u00dfer:<\/p>\n\n\n\n<p>\u201cRotk\u00e4ppchen\u201d Kinder- und Hausm\u00e4rchen der Br\u00fcder Grimm, Frankfurt, 1991<br>\u201cHeidenr\u00f6slein\u201d Text: Johann Wolfgang von Goethe \/ Musik: Heinrich Werner<br>\u201cZwei W\u00f6lfe\u201d Indianergeschichte, Autor unbekannt<br>\u201cDas kleine Rotk\u00e4ppchen\u201d Tegethoff, Ernst (Hg), Franz\u00f6sische Volksm\u00e4rchen, Jena 1923<br>\u201eSag mir wo die Blumen sind\u201c Text \/ Musik: Pete Seeger. \u00dcbersetzung: Max Colpet<\/p>\n\n\n\n<p>Literatur<\/p>\n\n\n\n<p>Drewermann, Eugen: Strukturen des B\u00f6sen Bd 1. Die jahwistische Urgeschichte in exegetischer Sicht<\/p>\n","protected":false},"excerpt":{"rendered":"<p>Lust oder Ver-Lust? Rotk\u00e4ppchen geht eigene Wege und pfl\u00fcckt Blumen: Lust. Doch dann wird es von Schuldgef\u00fchlen aufgefressen, die sich als Gro\u00dfmutter verkleiden: Verlust. Eine Parabel auf innere Dogmen und P\u00e4pste, die das Leben verleiden. Und der J\u00e4ger? Zum Gl\u00fcck gibt es ein Happy End. Unfehlbare Dogmen Die Performance zeichnet nach, wie Lust durch Dogmen &hellip; <\/p>\n<p class=\"link-more\"><a href=\"https:\/\/simon-weiland.de\/?page_id=1414\" class=\"more-link\"><span class=\"screen-reader-text\">\u201eRotk\u00e4ppchen\u201c<\/span> weiterlesen<\/a><\/p>\n","protected":false},"author":1,"featured_media":0,"parent":0,"menu_order":0,"comment_status":"closed","ping_status":"closed","template":"","meta":[],"_links":{"self":[{"href":"https:\/\/simon-weiland.de\/index.php?rest_route=\/wp\/v2\/pages\/1414"}],"collection":[{"href":"https:\/\/simon-weiland.de\/index.php?rest_route=\/wp\/v2\/pages"}],"about":[{"href":"https:\/\/simon-weiland.de\/index.php?rest_route=\/wp\/v2\/types\/page"}],"author":[{"embeddable":true,"href":"https:\/\/simon-weiland.de\/index.php?rest_route=\/wp\/v2\/users\/1"}],"replies":[{"embeddable":true,"href":"https:\/\/simon-weiland.de\/index.php?rest_route=%2Fwp%2Fv2%2Fcomments&post=1414"}],"version-history":[{"count":12,"href":"https:\/\/simon-weiland.de\/index.php?rest_route=\/wp\/v2\/pages\/1414\/revisions"}],"predecessor-version":[{"id":2268,"href":"https:\/\/simon-weiland.de\/index.php?rest_route=\/wp\/v2\/pages\/1414\/revisions\/2268"}],"wp:attachment":[{"href":"https:\/\/simon-weiland.de\/index.php?rest_route=%2Fwp%2Fv2%2Fmedia&parent=1414"}],"curies":[{"name":"wp","href":"https:\/\/api.w.org\/{rel}","templated":true}]}}