{"id":1420,"date":"2023-02-09T15:05:43","date_gmt":"2023-02-09T15:05:43","guid":{"rendered":"https:\/\/simon-weiland.de\/?page_id=1420"},"modified":"2026-04-03T07:52:50","modified_gmt":"2026-04-03T07:52:50","slug":"friss-vogel-oder-stirb-programmheft","status":"publish","type":"page","link":"https:\/\/simon-weiland.de\/?page_id=1420","title":{"rendered":"H\u00e4nsel und Gretel"},"content":{"rendered":"\n<p><strong>Hotel Mama forever?<\/strong><\/p>\n\n\n\n<p>H\u00e4nsel will nicht aus dem Hotel Mama in die Eigenst\u00e4ndigkeit vertrieben werden. Er wird im goldenen K\u00e4fig gef\u00fcttert \u2013 von einer Hexe. Eine Parabel auf Mechanismen der Bevormundung im Informationszeitalter. Zum Gl\u00fcck gibt es Gretel.<\/p>\n\n\n\n<figure class=\"wp-block-image is-resized\"><img loading=\"lazy\" src=\"https:\/\/simon-weiland.de\/wp-content\/uploads\/2021\/01\/Vogel-im-Kaefig-1024x1024.jpg\" alt=\"\" class=\"wp-image-117\" width=\"316\" height=\"316\" srcset=\"https:\/\/simon-weiland.de\/wp-content\/uploads\/2021\/01\/Vogel-im-Kaefig-1024x1024.jpg 1024w, https:\/\/simon-weiland.de\/wp-content\/uploads\/2021\/01\/Vogel-im-Kaefig-300x300.jpg 300w, https:\/\/simon-weiland.de\/wp-content\/uploads\/2021\/01\/Vogel-im-Kaefig-150x150.jpg 150w, https:\/\/simon-weiland.de\/wp-content\/uploads\/2021\/01\/Vogel-im-Kaefig-768x768.jpg 768w, https:\/\/simon-weiland.de\/wp-content\/uploads\/2021\/01\/Vogel-im-Kaefig-1536x1536.jpg 1536w, https:\/\/simon-weiland.de\/wp-content\/uploads\/2021\/01\/Vogel-im-Kaefig-2048x2048.jpg 2048w, https:\/\/simon-weiland.de\/wp-content\/uploads\/2021\/01\/Vogel-im-Kaefig-100x100.jpg 100w\" sizes=\"(max-width: 316px) 100vw, 316px\" \/><\/figure>\n\n\n\n<p><strong>Die mediale Hexenk\u00fcche<\/strong><\/p>\n\n\n\n<p>Die Performance zeichnet einen Prozess der Entfremdung nach. Seit in den drei Buchreligionen das geschriebene Wort mehr gilt als die eigene Erfahrung, verlieren Menschen das Vertrauen in ihre innere Stimme. Mit Buchdruck und Industrialisierung beginnt&nbsp; die massenhafte Verbreitung von Medien bis hin zur Digitalisierung. Was zun\u00e4chst wie ein Schlaraffenland aussieht, entpuppt sich als Hexenk\u00fcche. Fake News treiben ihr Unwesen, weil immer mehr Menschen den Kontakt zu sich selbst verlieren und lieber Influencern, sogenannten Experten und Gurus glauben als sich selbst. Mediale Bemutterung! Eine ganze Gesellschaft im Zustand der Regression.<\/p>\n\n\n\n<p>Sich bevormunden lassen oder m\u00fcndig werden? H\u00e4nsel und Gretel gelingt es, der Hexe zu entkommen, weil Gretel schlie\u00dflich handelt. Indem sie sich nicht mehr von au\u00dfen bestimmen l\u00e4sst, sondern auf die eigene innere Stimme h\u00f6rt, wird sie wieder handlungsf\u00e4hig. Das \u00fcbertr\u00e4gt sich nicht nur auf H\u00e4nsel\u2026<\/p>\n\n\n\n<p>Die Performance ist Teil 2 der <strong>Paradiestrilogie<\/strong>. Die Urfassung wurde 1997 aufgef\u00fchrt. Seither kamen immer wieder neue Versionen auf die B\u00fchne.<\/p>\n\n\n\n<p><strong>Libretto<\/strong><\/p>\n\n\n\n<div class=\"wp-block-file\"><a href=\"https:\/\/simon-weiland.de\/wp-content\/uploads\/2026\/04\/Haensel-und-Gretel.docx\">H\u00e4nsel und Gretel<\/a><a href=\"https:\/\/simon-weiland.de\/wp-content\/uploads\/2026\/04\/Haensel-und-Gretel.docx\" class=\"wp-block-file__button\" download>Herunterladen<\/a><\/div>\n\n\n\n<p><strong>H\u00f6rspielversion von 2016<\/strong><\/p>\n\n\n\n<p><a href=\"https:\/\/www.youtube.com\/watch?v=0vMjmcuaweY&amp;t=1320s\">hier<\/a><\/p>\n\n\n\n<p><br><strong>Credits<\/strong><\/p>\n\n\n\n<p>Text und Musik \u00a9 2021 Simon Weiland, au\u00dfer:<\/p>\n\n\n\n<p>\u201cH\u00e4nsel und Gretel\u201d Kinder- und Hausm\u00e4rchen der Br\u00fcder Grimm, Frankfurt, 1991<br>\u201cH\u00e4nschen klein\u201d Text: Franz Wiedemann \/ Melodie: Volksweise<br>\u201cH\u00e4nsel und Gretel verliefen sich im Wald\u201d Text und Melodie: Volksweise<br>\u201cDer Mond ist aufgegangen\u201d Text: Matthias Claudius \/ Melodie: Johann Abraham Peter Schulz<\/p>\n","protected":false},"excerpt":{"rendered":"<p>Hotel Mama forever? H\u00e4nsel will nicht aus dem Hotel Mama in die Eigenst\u00e4ndigkeit vertrieben werden. Er wird im goldenen K\u00e4fig gef\u00fcttert \u2013 von einer Hexe. Eine Parabel auf Mechanismen der Bevormundung im Informationszeitalter. Zum Gl\u00fcck gibt es Gretel. Die mediale Hexenk\u00fcche Die Performance zeichnet einen Prozess der Entfremdung nach. Seit in den drei Buchreligionen das &hellip; <\/p>\n<p class=\"link-more\"><a href=\"https:\/\/simon-weiland.de\/?page_id=1420\" class=\"more-link\"><span class=\"screen-reader-text\">\u201eH\u00e4nsel und Gretel\u201c<\/span> weiterlesen<\/a><\/p>\n","protected":false},"author":1,"featured_media":0,"parent":0,"menu_order":0,"comment_status":"closed","ping_status":"closed","template":"","meta":[],"_links":{"self":[{"href":"https:\/\/simon-weiland.de\/index.php?rest_route=\/wp\/v2\/pages\/1420"}],"collection":[{"href":"https:\/\/simon-weiland.de\/index.php?rest_route=\/wp\/v2\/pages"}],"about":[{"href":"https:\/\/simon-weiland.de\/index.php?rest_route=\/wp\/v2\/types\/page"}],"author":[{"embeddable":true,"href":"https:\/\/simon-weiland.de\/index.php?rest_route=\/wp\/v2\/users\/1"}],"replies":[{"embeddable":true,"href":"https:\/\/simon-weiland.de\/index.php?rest_route=%2Fwp%2Fv2%2Fcomments&post=1420"}],"version-history":[{"count":10,"href":"https:\/\/simon-weiland.de\/index.php?rest_route=\/wp\/v2\/pages\/1420\/revisions"}],"predecessor-version":[{"id":2242,"href":"https:\/\/simon-weiland.de\/index.php?rest_route=\/wp\/v2\/pages\/1420\/revisions\/2242"}],"wp:attachment":[{"href":"https:\/\/simon-weiland.de\/index.php?rest_route=%2Fwp%2Fv2%2Fmedia&parent=1420"}],"curies":[{"name":"wp","href":"https:\/\/api.w.org\/{rel}","templated":true}]}}