{"id":1824,"date":"2025-03-15T06:55:06","date_gmt":"2025-03-15T06:55:06","guid":{"rendered":"https:\/\/simon-weiland.de\/?page_id=1824"},"modified":"2026-03-16T07:41:46","modified_gmt":"2026-03-16T07:41:46","slug":"im-wald","status":"publish","type":"page","link":"https:\/\/simon-weiland.de\/?page_id=1824","title":{"rendered":"Im Wald"},"content":{"rendered":"\n<p>Der Weg des Holzes<\/p>\n\n\n\n<figure class=\"wp-block-embed is-type-video is-provider-youtube wp-block-embed-youtube wp-embed-aspect-16-9 wp-has-aspect-ratio\"><div class=\"wp-block-embed__wrapper\">\n<iframe title=\"Simon Weiland: Au\u00dfer mir\" width=\"525\" height=\"295\" src=\"https:\/\/www.youtube.com\/embed\/ls-cEMwfA4c?feature=oembed\" frameborder=\"0\" allow=\"accelerometer; autoplay; clipboard-write; encrypted-media; gyroscope; picture-in-picture; web-share\" referrerpolicy=\"strict-origin-when-cross-origin\" allowfullscreen><\/iframe>\n<\/div><figcaption>Ein Auszug aus dem Konzert vom 05.10.25 im K9 Konstanz<\/figcaption><\/figure>\n\n\n\n<p>Die n\u00e4chsten Termine:<br><br><strong>21.03.26   Kreuzlingen, Kult X, 20.00 Uhr<\/strong><br>                      Hafenstr. 8, CH &#8211; 8280 Kreuzlingen<br><strong>04.04.26 Konstanz, Lutherkirche, 17.00 Uhr<\/strong><br>                      Lutherplatz 1, 78462 Konstanz<\/p>\n\n\n\n<p><a href=\"https:\/\/www.seemoz.de\/jetzt-fahrn-wir-uebern-see-simon-weiland-verbringt-tage-im-wald\/?fbclid=IwY2xjawNV7rNleHRuA2FlbQIxMABicmlkETFlSkZyVFRrMU1xQXh5dDFwAR4_4va934hKo6f-xe6E3seUdUgzZDyR1vRQQAFQsmIxIs-yx49KSRXFnNiEVA_aem_g5g-V_c1S77zxUfO5sQ7aA\">Rezension seemoz.de<\/a><\/p>\n\n\n\n<figure class=\"wp-block-image size-large is-resized\"><img loading=\"lazy\" src=\"https:\/\/simon-weiland.de\/wp-content\/uploads\/2025\/10\/Foto-Im-Wald-768x1024.jpg\" alt=\"\" class=\"wp-image-1959\" width=\"283\" height=\"377\" srcset=\"https:\/\/simon-weiland.de\/wp-content\/uploads\/2025\/10\/Foto-Im-Wald-768x1024.jpg 768w, https:\/\/simon-weiland.de\/wp-content\/uploads\/2025\/10\/Foto-Im-Wald-225x300.jpg 225w, https:\/\/simon-weiland.de\/wp-content\/uploads\/2025\/10\/Foto-Im-Wald-1152x1536.jpg 1152w, https:\/\/simon-weiland.de\/wp-content\/uploads\/2025\/10\/Foto-Im-Wald-1536x2048.jpg 1536w, https:\/\/simon-weiland.de\/wp-content\/uploads\/2025\/10\/Foto-Im-Wald-scaled.jpg 1920w\" sizes=\"(max-width: 283px) 100vw, 283px\" \/><\/figure>\n\n\n\n<p>Was erwartet euch?<\/p>\n\n\n\n<p><strong>Visionssuche<\/strong><\/p>\n\n\n\n<p>&#8222;Seit Jahrtausenden gibt es bei indigenen V\u00f6lkern einen Initiationsritus: ein Mensch geht fastend f\u00fcr vier Tage und N\u00e4chte allein in den Wald. Dabei begegnen ihm Dinge, die lebensver\u00e4ndernd sein k\u00f6nnen. Ich war mit meiner Frau Susan in einer Waldzeitgruppe von elf Personen, die von f\u00fcnf erfahrenen Naturcoach:innen vorbereitet, getragen und nachbereitet wurde. ( Mehr Info: <a href=\"https:\/\/umainstitut.net\/\">re:nature<\/a>). Die Walderfahrung machten wir jedoch ganz allein.&#8220;<\/p>\n\n\n\n<p><strong>Holz als Stoff<\/strong><\/p>\n\n\n\n<p>&#8222;Holz ist f\u00fcr die Menschheit ein besonderes Material. Mit Holz kann man Feuer machen und es in Gang halten. Holz ist ein regenerativer Naturstoff, der auch in unserem heutigen Alltag eine gro\u00dfe Rolle spielt. In der chinesischen Kultur gilt Holz sogar als das f\u00fcnfte Element. Im Wald begegnet man lebendem Holz, das w\u00e4chst und Totholz, das zerf\u00e4llt. Die unmittelbare Erfahrung dieses Zusammenspiels von Leben und Tod kann bewirken, dass ein Mensch sich im ewigen Kreislauf von Stirb und Werde verorten kann. Sind wir nicht aus dem gleichen Holz geschnitzt, indem wir im Leben wachsen und im Tod wieder vergehen?&#8220;<\/p>\n\n\n\n<p><strong>Pinocchio, die Waldfee und die Anderswelt<\/strong><\/p>\n\n\n\n<p>&#8222;Meine Identifikation mit dem Holz brachte mich zu dem Kinderbuch Pinocchio, in dem aus einem Holzscheit eine Puppe geschnitzt wird, die nach vielen Wirren von einer Waldfee in einen Menschen aus Fleisch und Blut verwandelt wird. Wir kennen den Ausdruck \u201eHolla, die Waldfee!\u201c Wahrscheinlich handelt es sich hier um Frau Holle: die g\u00fctige Mutter Natur, die in einer Anderswelt lebt: ein Reich, in dem Tiere, Pflanzen und sogar Steine sprechen k\u00f6nnen. In unseren Tr\u00e4umen und im M\u00e4rchen ist uns diese Welt noch zug\u00e4nglich und als Kind war sie uns selbstverst\u00e4ndlich. Im Wald kann diese kindliche zauberische Welt als Wirklichkeit erinnert werden. Man k\u00f6nnte die Anderswelt auch als das Land der Seele bezeichnen, wo das Numen (gestaltlos g\u00f6ttliches Handeln) wohnt.&#8220;<\/p>\n\n\n\n<p><strong>Trance, Blues und das Paradoxe<\/strong><\/p>\n\n\n\n<p>&#8222;Ich erlebte meine Zeit im Wald als einen Trancezustand. Diese Trance l\u00e4sst sich musikalisch am besten im Blues wiedergeben. Deshalb gehe ich in diesem Konzert musikalisch neue Wege mit Sprechgesang und bluesigen Songs. Die Herkunft des Volksliedes \u201eJetzt fahr\u2018n wir \u00fcber\u2018n See\u201c aus dem 19. Jahrhundert ist ungekl\u00e4rt. Textlich versuche ich wie gewohnt die Paradoxien des Lebens durch das Schillern mehrdeutiger W\u00f6rter zur Sprache zu bringen.&#8220;<\/p>\n\n\n\n<p><strong>Literatur<\/strong><\/p>\n\n\n\n<p>Seghezzi, Ursula. Im Land der Seele. 2015<br>Seghezzi, Ursula und David. Vom Zauber der Naturmystik. 2020<\/p>\n","protected":false},"excerpt":{"rendered":"<p>Der Weg des Holzes Die n\u00e4chsten Termine: 21.03.26 Kreuzlingen, Kult X, 20.00 Uhr Hafenstr. 8, CH &#8211; 8280 Kreuzlingen04.04.26 Konstanz, Lutherkirche, 17.00 Uhr Lutherplatz 1, 78462 Konstanz Rezension seemoz.de Was erwartet euch? Visionssuche &#8222;Seit Jahrtausenden gibt es bei indigenen V\u00f6lkern einen Initiationsritus: ein Mensch geht fastend f\u00fcr vier Tage und N\u00e4chte allein in den Wald. &hellip; <\/p>\n<p class=\"link-more\"><a href=\"https:\/\/simon-weiland.de\/?page_id=1824\" class=\"more-link\"><span class=\"screen-reader-text\">\u201eIm Wald\u201c<\/span> weiterlesen<\/a><\/p>\n","protected":false},"author":1,"featured_media":0,"parent":0,"menu_order":0,"comment_status":"closed","ping_status":"closed","template":"","meta":[],"_links":{"self":[{"href":"https:\/\/simon-weiland.de\/index.php?rest_route=\/wp\/v2\/pages\/1824"}],"collection":[{"href":"https:\/\/simon-weiland.de\/index.php?rest_route=\/wp\/v2\/pages"}],"about":[{"href":"https:\/\/simon-weiland.de\/index.php?rest_route=\/wp\/v2\/types\/page"}],"author":[{"embeddable":true,"href":"https:\/\/simon-weiland.de\/index.php?rest_route=\/wp\/v2\/users\/1"}],"replies":[{"embeddable":true,"href":"https:\/\/simon-weiland.de\/index.php?rest_route=%2Fwp%2Fv2%2Fcomments&post=1824"}],"version-history":[{"count":27,"href":"https:\/\/simon-weiland.de\/index.php?rest_route=\/wp\/v2\/pages\/1824\/revisions"}],"predecessor-version":[{"id":2209,"href":"https:\/\/simon-weiland.de\/index.php?rest_route=\/wp\/v2\/pages\/1824\/revisions\/2209"}],"wp:attachment":[{"href":"https:\/\/simon-weiland.de\/index.php?rest_route=%2Fwp%2Fv2%2Fmedia&parent=1824"}],"curies":[{"name":"wp","href":"https:\/\/api.w.org\/{rel}","templated":true}]}}