{"id":2000,"date":"2026-01-10T06:45:38","date_gmt":"2026-01-10T06:45:38","guid":{"rendered":"https:\/\/simon-weiland.de\/?page_id=2000"},"modified":"2026-02-28T18:48:58","modified_gmt":"2026-02-28T18:48:58","slug":"paradiestrilogie","status":"publish","type":"page","link":"https:\/\/simon-weiland.de\/?page_id=2000","title":{"rendered":"Paradiestrilogie"},"content":{"rendered":"\n<p>Eine Trilogie \u00fcber die geistesgeschichtliche Entwicklung des abendl\u00e4ndischen Menschen: Antike, Mittelalter, Moderne. Dazu werden drei M\u00e4rchen mit der Paradiesgeschichte verkn\u00fcpft. Jedes St\u00fcck steht f\u00fcr sich.<\/p>\n\n\n\n<p><strong>Rotk\u00e4ppchen<\/strong> schl\u00e4gt einen Bogen vom christlichen Dogma der Erbschuld bis hin zur Leistungsgesellschaft von heute: st\u00e4ndig bleiben wir etwas schuldig. Wovon werden wir aufgefressen? Antike Vorstellungen pr\u00e4gen unser Leben noch heute. <a href=\"https:\/\/simon-weiland.de\/?page_id=31\">hier<\/a><\/p>\n\n\n\n<p><strong>H\u00e4nsel und Gretel<\/strong> zeigt die Entwicklung der Medien vom Buchdruck bis zum virtuellen Lebkuchenhaus von heute. Warum lassen wir uns mit Informationen vollstopfen und im goldenen K\u00e4fig m\u00e4sten? Auch das Mittelalter ist nicht vorbei.&nbsp;<a href=\"https:\/\/simon-weiland.de\/?page_id=33\">hier<\/a><\/p>\n\n\n\n<p><strong>Der Froschk\u00f6nig <\/strong>ist eine Parabel auf den Machbarkeitswahn des Patriarchats. Fahren wir unsere Welt an die Wand oder wird der Frosch an die Wand geknallt? Die existentielle Frage der Moderne: wie kann der Frosch verwandelt werden? <a href=\"https:\/\/simon-weiland.de\/?page_id=35\">hier<\/a><\/p>\n","protected":false},"excerpt":{"rendered":"<p>Eine Trilogie \u00fcber die geistesgeschichtliche Entwicklung des abendl\u00e4ndischen Menschen: Antike, Mittelalter, Moderne. Dazu werden drei M\u00e4rchen mit der Paradiesgeschichte verkn\u00fcpft. Jedes St\u00fcck steht f\u00fcr sich. Rotk\u00e4ppchen schl\u00e4gt einen Bogen vom christlichen Dogma der Erbschuld bis hin zur Leistungsgesellschaft von heute: st\u00e4ndig bleiben wir etwas schuldig. Wovon werden wir aufgefressen? Antike Vorstellungen pr\u00e4gen unser Leben noch &hellip; <\/p>\n<p class=\"link-more\"><a href=\"https:\/\/simon-weiland.de\/?page_id=2000\" class=\"more-link\"><span class=\"screen-reader-text\">\u201eParadiestrilogie\u201c<\/span> weiterlesen<\/a><\/p>\n","protected":false},"author":1,"featured_media":0,"parent":0,"menu_order":0,"comment_status":"closed","ping_status":"closed","template":"","meta":[],"_links":{"self":[{"href":"https:\/\/simon-weiland.de\/index.php?rest_route=\/wp\/v2\/pages\/2000"}],"collection":[{"href":"https:\/\/simon-weiland.de\/index.php?rest_route=\/wp\/v2\/pages"}],"about":[{"href":"https:\/\/simon-weiland.de\/index.php?rest_route=\/wp\/v2\/types\/page"}],"author":[{"embeddable":true,"href":"https:\/\/simon-weiland.de\/index.php?rest_route=\/wp\/v2\/users\/1"}],"replies":[{"embeddable":true,"href":"https:\/\/simon-weiland.de\/index.php?rest_route=%2Fwp%2Fv2%2Fcomments&post=2000"}],"version-history":[{"count":2,"href":"https:\/\/simon-weiland.de\/index.php?rest_route=\/wp\/v2\/pages\/2000\/revisions"}],"predecessor-version":[{"id":2108,"href":"https:\/\/simon-weiland.de\/index.php?rest_route=\/wp\/v2\/pages\/2000\/revisions\/2108"}],"wp:attachment":[{"href":"https:\/\/simon-weiland.de\/index.php?rest_route=%2Fwp%2Fv2%2Fmedia&parent=2000"}],"curies":[{"name":"wp","href":"https:\/\/api.w.org\/{rel}","templated":true}]}}