{"id":2002,"date":"2026-01-10T06:46:09","date_gmt":"2026-01-10T06:46:09","guid":{"rendered":"https:\/\/simon-weiland.de\/?page_id=2002"},"modified":"2026-02-28T18:52:50","modified_gmt":"2026-02-28T18:52:50","slug":"menschentrilogie","status":"publish","type":"page","link":"https:\/\/simon-weiland.de\/?page_id=2002","title":{"rendered":"Menschentrilogie"},"content":{"rendered":"\n<p>Die Gegenwart ist noch immer gepr\u00e4gt von menschheitlichen Entwicklungen, die Jahrtausende zur\u00fcckliegen. Dies zeigt sich in unseren Biographien. Jedes der drei St\u00fccke steht f\u00fcr sich.<\/p>\n\n\n\n<p><strong>Ein starkes St\u00fcck<\/strong>. Die jungsteinzeitliche Revolution. Durch die Sesshaftwerdung des Menschen entsteht eine psychische Struktur, die bis heute wirksam ist: wer besitzt, wird besessen. <a href=\"https:\/\/simon-weiland.de\/?page_id=37\">hier<\/a><\/p>\n\n\n\n<p><strong>Arm und Reich<\/strong>. Mit der Bronzezeit beginnt das Patriarchat. Diese Welt des Mangels f\u00fchrt zu Hierarchien, Kriegen und (Wirtschafts)Imperien, die nie genug kriegen. Doch am Horizont taucht Neues auf. <a href=\"https:\/\/simon-weiland.de\/?page_id=29\">hier<\/a><\/p>\n\n\n\n<p><strong>Diesseits \/ Jenseits<\/strong>. Reden Menschen nicht gerne \u00fcber Gott und die Welt? Eine autobiographische Performance zur Spiritualit\u00e4t des Alltags. Songs und Szenen \u00fcber Leben, Tod und das Dazwischen. <a href=\"https:\/\/simon-weiland.de\/?page_id=39\">hier<\/a><\/p>\n","protected":false},"excerpt":{"rendered":"<p>Die Gegenwart ist noch immer gepr\u00e4gt von menschheitlichen Entwicklungen, die Jahrtausende zur\u00fcckliegen. Dies zeigt sich in unseren Biographien. Jedes der drei St\u00fccke steht f\u00fcr sich. Ein starkes St\u00fcck. Die jungsteinzeitliche Revolution. Durch die Sesshaftwerdung des Menschen entsteht eine psychische Struktur, die bis heute wirksam ist: wer besitzt, wird besessen. hier Arm und Reich. Mit der &hellip; <\/p>\n<p class=\"link-more\"><a href=\"https:\/\/simon-weiland.de\/?page_id=2002\" class=\"more-link\"><span class=\"screen-reader-text\">\u201eMenschentrilogie\u201c<\/span> weiterlesen<\/a><\/p>\n","protected":false},"author":1,"featured_media":0,"parent":0,"menu_order":0,"comment_status":"closed","ping_status":"closed","template":"","meta":[],"_links":{"self":[{"href":"https:\/\/simon-weiland.de\/index.php?rest_route=\/wp\/v2\/pages\/2002"}],"collection":[{"href":"https:\/\/simon-weiland.de\/index.php?rest_route=\/wp\/v2\/pages"}],"about":[{"href":"https:\/\/simon-weiland.de\/index.php?rest_route=\/wp\/v2\/types\/page"}],"author":[{"embeddable":true,"href":"https:\/\/simon-weiland.de\/index.php?rest_route=\/wp\/v2\/users\/1"}],"replies":[{"embeddable":true,"href":"https:\/\/simon-weiland.de\/index.php?rest_route=%2Fwp%2Fv2%2Fcomments&post=2002"}],"version-history":[{"count":2,"href":"https:\/\/simon-weiland.de\/index.php?rest_route=\/wp\/v2\/pages\/2002\/revisions"}],"predecessor-version":[{"id":2110,"href":"https:\/\/simon-weiland.de\/index.php?rest_route=\/wp\/v2\/pages\/2002\/revisions\/2110"}],"wp:attachment":[{"href":"https:\/\/simon-weiland.de\/index.php?rest_route=%2Fwp%2Fv2%2Fmedia&parent=2002"}],"curies":[{"name":"wp","href":"https:\/\/api.w.org\/{rel}","templated":true}]}}