{"id":2089,"date":"2026-02-27T21:24:27","date_gmt":"2026-02-27T21:24:27","guid":{"rendered":"https:\/\/simon-weiland.de\/?page_id=2089"},"modified":"2026-03-01T13:24:58","modified_gmt":"2026-03-01T13:24:58","slug":"info","status":"publish","type":"page","link":"https:\/\/simon-weiland.de\/?page_id=2089","title":{"rendered":"Info"},"content":{"rendered":"\n<p>Simon Weiland, Jahrgang 1963, lebt in Konstanz. Er schreibt, komponiert und inszeniert sein Musiktheater selbst. Dabei experimentiert er mit neuen Formen, in denen Sprache an sich die Hauptrolle spielt. Seinen mittlerweile neun Theaterst\u00fccken liegen M\u00e4rchen, Mythen, und Tr\u00e4ume zugrunde. Die zwei Konzertprogramme haben ihre Wurzeln im Blues. <\/p>\n\n\n\n<figure class=\"wp-block-image size-large is-resized\"><img loading=\"lazy\" src=\"https:\/\/simon-weiland.de\/wp-content\/uploads\/2026\/01\/laecheln-rund.jpg\" alt=\"\" class=\"wp-image-2027\" width=\"271\" height=\"284\" srcset=\"https:\/\/simon-weiland.de\/wp-content\/uploads\/2026\/01\/laecheln-rund.jpg 690w, https:\/\/simon-weiland.de\/wp-content\/uploads\/2026\/01\/laecheln-rund-286x300.jpg 286w\" sizes=\"(max-width: 271px) 100vw, 271px\" \/><\/figure>\n\n\n\n<h2><strong>Acoustic Blues<br><\/strong><\/h2>\n\n\n\n<p><strong>Ins Blaue<\/strong><\/p>\n\n\n\n<p>Ein Konzert wie ein Gem\u00e4lde in Blau. Simon spielt den Blues. In Zeiten, wo Fakt und Fake kaum zu unterscheiden sind, stellt er eine schlichte Frage: k\u00f6nnen wir durch Einfachheit und Urspr\u00fcnglichkeit den Herausforderungen der digitalen Revolution begegnen? Ein Mann und seine Gitarre: Simon nimmt das Publikum auf eine Reise in den Blues mit. Es ist eine Fahrt ins Blaue: eine Zukunft, in der es f\u00fcr den blauen Planeten Hoffnung gibt, denn Blau ist nicht nur die Farbe des Blues sondern auch des Himmels. <a href=\"https:\/\/simon-weiland.de\/?page_id=1992\">hier<\/a><\/p>\n\n\n\n<p><strong>Im Wald<\/strong><\/p>\n\n\n\n<p>Vor drei Jahren verbrachte Simon fastend vier Tage und N\u00e4chte alleine im Wald. Er ging damit einem Ritual nach, das indigene V\u00f6lker seit Jahrtausenden vollziehen. In diesem Konzert schildert er die tiefen Erfahrungen, die er im Wald bei dieser Visionssuche gemacht hat. Im Land der Seele begegnete er dem Leben, dem Tod und \u2013 dem Blues: <a href=\"https:\/\/simon-weiland.de\/?page_id=1824\">hier<\/a><\/p>\n\n\n\n<p><a href=\"https:\/\/www.seemoz.de\/jetzt-fahrn-wir-uebern-see-simon-weiland-verbringt-tage-im-wald\/?fbclid=IwY2xjawNV7rNleHRuA2FlbQIxMABicmlkETFlSkZyVFRrMU1xQXh5dDFwAR4_4va934hKo6f-xe6E3seUdUgzZDyR1vRQQAFQsmIxIs-yx49KSRXFnNiEVA_aem_g5g-V_c1S77zxUfO5sQ7aA\">Rezension seemoz<\/a><\/p>\n\n\n\n<figure class=\"wp-block-image is-resized\"><img loading=\"lazy\" src=\"https:\/\/simon-weiland.de\/wp-content\/uploads\/2023\/02\/KLQJ1391-575x1024.jpg\" alt=\"\" class=\"wp-image-1206\" width=\"254\" height=\"452\" srcset=\"https:\/\/simon-weiland.de\/wp-content\/uploads\/2023\/02\/KLQJ1391-575x1024.jpg 575w, https:\/\/simon-weiland.de\/wp-content\/uploads\/2023\/02\/KLQJ1391-168x300.jpg 168w, https:\/\/simon-weiland.de\/wp-content\/uploads\/2023\/02\/KLQJ1391-768x1368.jpg 768w, https:\/\/simon-weiland.de\/wp-content\/uploads\/2023\/02\/KLQJ1391-863x1536.jpg 863w, https:\/\/simon-weiland.de\/wp-content\/uploads\/2023\/02\/KLQJ1391.jpg 1150w\" sizes=\"(max-width: 254px) 100vw, 254px\" \/><\/figure>\n\n\n\n<h2><strong>Musiktheater<\/strong><\/h2>\n\n\n\n<p>Die Performances stehen in einer jahrtausendealten Tradition. Sie erz\u00e4hlen Geschichten. Daraus wird Theater. Es braucht nicht viel: einen Erz\u00e4hler, verschiedene Rollen und eine Gitarre.<\/p>\n\n\n\n<p>\u201e<em>Mit einer packenden Montagetechnik aus dutzenden Gedankenspr\u00fcngen und Verkn\u00fcpfungen bringt Weiland eine ganz neue Form des Theaterspielens auf die B\u00fchne<\/em>.\u201c (S\u00fcdkurier)<\/p>\n\n\n\n<h2><strong>Sternentrilogie<\/strong><\/h2>\n\n\n\n<p>Nach den Sternen greifen. Drei Performances \u00fcber den spirituellen Boden des modernen Menschen. Jedes St\u00fcck steht f\u00fcr sich.<\/p>\n\n\n\n<p><strong>Die Wunderlampe<\/strong> zeigt, dass wir trotz aller Entfremdung durch patriarchale Machtstrukturen (bis hin zur Anbetung von Maschinen!) durchaus noch Verbindung zu den vitalen Wurzeln des Lebens haben. <a href=\"https:\/\/simon-weiland.de\/?page_id=27\">hier<\/a><\/p>\n\n\n\n<p><strong>Tr\u00e4ume<\/strong> handelt vom Wunder dieser unbewussten Prozesse, ohne die wir gar nicht leben k\u00f6nnten. Dies reicht bis ins Geistige: im Traum gibt es weder Zeit noch Raum. Das Sch\u00f6pferische kommt aus einer anderen Dimension. <a href=\"https:\/\/simon-weiland.de\/?page_id=476\">hier<\/a><\/p>\n\n\n\n<p><strong>Die Sterntaler<\/strong> f\u00fchrt noch tiefer in diese transzendente Welt: das nackte Leben, der sichere Tod. Und dann? Die Seele lebt im Sch\u00f6pferischen. Nicht nur das Sein ist ewig, sondern auch das Werden. <a href=\"https:\/\/simon-weiland.de\/?page_id=780\">hier<\/a><\/p>\n\n\n\n<p><a href=\"https:\/\/simon-weiland.de\/wp-content\/uploads\/2023\/12\/Suedkurier-Sternentrilogie-27.09.23.pdf\">S\u00fcdkurier-Sternentrilogie-27.09.23<\/a><\/p>\n\n\n\n<h2><strong>Paradiestrilogie<\/strong><\/h2>\n\n\n\n<p>Eine Trilogie \u00fcber die geistesgeschichtliche Entwicklung des abendl\u00e4ndischen Menschen: Antike, Mittelalter, Moderne. Dazu werden drei M\u00e4rchen mit der Paradiesgeschichte verkn\u00fcpft. Jedes St\u00fcck steht f\u00fcr sich.<\/p>\n\n\n\n<p><strong>Rotk\u00e4ppchen<\/strong> schl\u00e4gt einen Bogen vom christlichen Dogma der Erbschuld bis hin zur Leistungsgesellschaft von heute: st\u00e4ndig bleiben wir etwas schuldig. Wovon werden wir aufgefressen? Antike Vorstellungen pr\u00e4gen unser Leben noch heute. <a href=\"https:\/\/simon-weiland.de\/?page_id=31\">hier<\/a><\/p>\n\n\n\n<p><strong>H\u00e4nsel und Gretel<\/strong> zeigt die Entwicklung der Medien vom Buchdruck bis zum virtuellen Lebkuchenhaus von heute. Warum lassen wir uns mit Informationen vollstopfen und im goldenen K\u00e4fig m\u00e4sten? Auch das Mittelalter ist nicht vorbei.&nbsp;<a href=\"https:\/\/simon-weiland.de\/?page_id=33\">hier<\/a><\/p>\n\n\n\n<p><strong>Der Froschk\u00f6nig <\/strong>ist eine Parabel auf den Machbarkeitswahn des Patriarchats. Fahren wir unsere Welt an die Wand oder wird der Frosch an die Wand geknallt? Die existentielle Frage der Moderne: wie kann der Frosch verwandelt werden? <a href=\"https:\/\/simon-weiland.de\/?page_id=35\">hier<\/a><\/p>\n\n\n\n<h2><strong>Menschentrilogie<\/strong><\/h2>\n\n\n\n<p>Die Gegenwart ist noch immer gepr\u00e4gt von menschheitlichen Entwicklungen, die Jahrtausende zur\u00fcckliegen. Dies zeigt sich in unseren Biographien. Jedes der drei St\u00fccke steht f\u00fcr sich.<\/p>\n\n\n\n<p><strong>Ein starkes St\u00fcck<\/strong>. Die jungsteinzeitliche Revolution. Durch die Sesshaftwerdung des Menschen entsteht eine psychische Struktur, die bis heute wirksam ist: wer besitzt, wird besessen. <a href=\"https:\/\/simon-weiland.de\/?page_id=37\">hier<\/a><\/p>\n\n\n\n<p><strong>Arm und Reich<\/strong>. Mit der Bronzezeit beginnt das Patriarchat. Diese Welt des Mangels f\u00fchrt zu Hierarchien, Kriegen und (Wirtschafts)Imperien, die nie genug kriegen. Doch am Horizont taucht Neues auf. <a href=\"https:\/\/simon-weiland.de\/?page_id=29\">hier<\/a><\/p>\n\n\n\n<p><strong>Diesseits \/ Jenseits<\/strong>. Reden Menschen nicht gerne \u00fcber Gott und die Welt? Eine autobiographische Performance zur Spiritualit\u00e4t des Alltags. Songs und Szenen \u00fcber Leben, Tod und das Dazwischen. <a href=\"https:\/\/simon-weiland.de\/?page_id=39\">hier<\/a><\/p>\n\n\n\n<h2><strong>2 sam<\/strong><\/h2>\n\n\n\n<p>Als Paar bringen Simon Weiland und seine Frau <a href=\"http:\/\/susan-goenner.de\/\">Susan G\u00f6nner<\/a> das Projekt <a href=\"https:\/\/2-sam.site\/\"><strong>2 sam<\/strong><\/a> auf die B\u00fchne. Dabei ist sie federf\u00fchrend und schreibt aus ihrem Erleben als Frau Lyrik \u00fcber Mensch, Natur und Gesellschaft. Auch die Melodien sind von ihr. Die Musik arrangieren die <strong>zwei<\/strong> gemein<strong>sam<\/strong>. <a href=\"http:\/\/2-sam.site\/\">hier<\/a><\/p>\n\n\n\n<p>Titelbild: was f\u00fcr tr\u00e4ume! <a href=\"https:\/\/www.susanne-rodler.de\/kunst.html\">susanne rodler<\/a> 2021<br>Foto dieses Bildes mit Simon: <a href=\"https:\/\/gabrielemeseth.com\">Gabriele Meseth<\/a><br>Foto rundes Bild: Martin W\u00e4chter<br>Foto (Performance auf Schloss Blumenfeld): Petra Heintze<\/p>\n\n\n\n<p>Impressum:<br>Simon Weiland<br>Brandesstr. 6<br>78464 Konstanz<br>simon.weiland(at)gmx.de<\/p>\n\n\n\n<p><\/p>\n\n\n\n<p><br> <\/p>\n\n\n\n<h2><br><\/h2>\n\n\n\n<p><\/p>\n\n\n\n<h2><\/h2>\n\n\n\n<p><\/p>\n\n\n\n<p><\/p>\n\n\n\n<p><\/p>\n\n\n\n<p><\/p>\n\n\n\n<p><\/p>\n\n\n\n<h2><\/h2>\n\n\n\n<p><\/p>\n\n\n\n<p><\/p>\n\n\n\n<p><\/p>\n","protected":false},"excerpt":{"rendered":"<p>Simon Weiland, Jahrgang 1963, lebt in Konstanz. Er schreibt, komponiert und inszeniert sein Musiktheater selbst. Dabei experimentiert er mit neuen Formen, in denen Sprache an sich die Hauptrolle spielt. Seinen mittlerweile neun Theaterst\u00fccken liegen M\u00e4rchen, Mythen, und Tr\u00e4ume zugrunde. Die zwei Konzertprogramme haben ihre Wurzeln im Blues. Acoustic Blues Ins Blaue Ein Konzert wie ein &hellip; <\/p>\n<p class=\"link-more\"><a href=\"https:\/\/simon-weiland.de\/?page_id=2089\" class=\"more-link\"><span class=\"screen-reader-text\">\u201eInfo\u201c<\/span> weiterlesen<\/a><\/p>\n","protected":false},"author":1,"featured_media":0,"parent":0,"menu_order":0,"comment_status":"closed","ping_status":"closed","template":"","meta":[],"_links":{"self":[{"href":"https:\/\/simon-weiland.de\/index.php?rest_route=\/wp\/v2\/pages\/2089"}],"collection":[{"href":"https:\/\/simon-weiland.de\/index.php?rest_route=\/wp\/v2\/pages"}],"about":[{"href":"https:\/\/simon-weiland.de\/index.php?rest_route=\/wp\/v2\/types\/page"}],"author":[{"embeddable":true,"href":"https:\/\/simon-weiland.de\/index.php?rest_route=\/wp\/v2\/users\/1"}],"replies":[{"embeddable":true,"href":"https:\/\/simon-weiland.de\/index.php?rest_route=%2Fwp%2Fv2%2Fcomments&post=2089"}],"version-history":[{"count":10,"href":"https:\/\/simon-weiland.de\/index.php?rest_route=\/wp\/v2\/pages\/2089\/revisions"}],"predecessor-version":[{"id":2136,"href":"https:\/\/simon-weiland.de\/index.php?rest_route=\/wp\/v2\/pages\/2089\/revisions\/2136"}],"wp:attachment":[{"href":"https:\/\/simon-weiland.de\/index.php?rest_route=%2Fwp%2Fv2%2Fmedia&parent=2089"}],"curies":[{"name":"wp","href":"https:\/\/api.w.org\/{rel}","templated":true}]}}