{"id":2214,"date":"2026-03-18T06:31:13","date_gmt":"2026-03-18T06:31:13","guid":{"rendered":"https:\/\/simon-weiland.de\/?page_id=2214"},"modified":"2026-03-18T06:36:20","modified_gmt":"2026-03-18T06:36:20","slug":"songs-und-lieder","status":"publish","type":"page","link":"https:\/\/simon-weiland.de\/?page_id=2214","title":{"rendered":"Songs und Lieder"},"content":{"rendered":"\n<p><strong>Konkrete Poesie und Progressive Rock <\/strong><\/p>\n\n\n\n<p>Im Keller fand Simon eine Kassette mit \u00fcber 30 Jahre altem vergessenen Material mit eigenen Kompositionen, \u00fcber die er so staunte, dass er sie jetzt wieder auf die B\u00fchne bringt. Das Konzert ist ein Streifzug durch die M\u00f6glichkeiten sprachlichen und musikalischen Ausdrucks. Simon wird einiges dazu erz\u00e4hlen. Die Wurzeln seines bekannten Musiktheaters liegen in dieser experimentellen Phase. Es ist, als ob King Crimson Ernst Jandl trifft: eine im deutschsprachigen Raum wohl einzigartige Fusion, bei der nicht nur \u00fcber v\u00f6llig neue Wege der Sprache, sondern auch der akustischen Gitarre gestaunt werden kann.<\/p>\n\n\n\n<p>Als Zugabe gibt es noch einige ganz neue Songs, die in der Zusammenarbeit mit dem <a href=\"https:\/\/www.open-place.ch\/\">Open Place<\/a> in Kreuzlingen entstanden sind. <\/p>\n","protected":false},"excerpt":{"rendered":"<p>Konkrete Poesie und Progressive Rock Im Keller fand Simon eine Kassette mit \u00fcber 30 Jahre altem vergessenen Material mit eigenen Kompositionen, \u00fcber die er so staunte, dass er sie jetzt wieder auf die B\u00fchne bringt. Das Konzert ist ein Streifzug durch die M\u00f6glichkeiten sprachlichen und musikalischen Ausdrucks. Simon wird einiges dazu erz\u00e4hlen. Die Wurzeln seines &hellip; <\/p>\n<p class=\"link-more\"><a href=\"https:\/\/simon-weiland.de\/?page_id=2214\" class=\"more-link\"><span class=\"screen-reader-text\">\u201eSongs und Lieder\u201c<\/span> weiterlesen<\/a><\/p>\n","protected":false},"author":1,"featured_media":0,"parent":0,"menu_order":0,"comment_status":"closed","ping_status":"closed","template":"","meta":[],"_links":{"self":[{"href":"https:\/\/simon-weiland.de\/index.php?rest_route=\/wp\/v2\/pages\/2214"}],"collection":[{"href":"https:\/\/simon-weiland.de\/index.php?rest_route=\/wp\/v2\/pages"}],"about":[{"href":"https:\/\/simon-weiland.de\/index.php?rest_route=\/wp\/v2\/types\/page"}],"author":[{"embeddable":true,"href":"https:\/\/simon-weiland.de\/index.php?rest_route=\/wp\/v2\/users\/1"}],"replies":[{"embeddable":true,"href":"https:\/\/simon-weiland.de\/index.php?rest_route=%2Fwp%2Fv2%2Fcomments&post=2214"}],"version-history":[{"count":2,"href":"https:\/\/simon-weiland.de\/index.php?rest_route=\/wp\/v2\/pages\/2214\/revisions"}],"predecessor-version":[{"id":2218,"href":"https:\/\/simon-weiland.de\/index.php?rest_route=\/wp\/v2\/pages\/2214\/revisions\/2218"}],"wp:attachment":[{"href":"https:\/\/simon-weiland.de\/index.php?rest_route=%2Fwp%2Fv2%2Fmedia&parent=2214"}],"curies":[{"name":"wp","href":"https:\/\/api.w.org\/{rel}","templated":true}]}}