{"id":263,"date":"2021-01-18T21:41:07","date_gmt":"2021-01-18T21:41:07","guid":{"rendered":"https:\/\/simon-weiland.de\/?page_id=263"},"modified":"2026-03-01T12:40:01","modified_gmt":"2026-03-01T12:40:01","slug":"die-sieben-stuecke","status":"publish","type":"page","link":"https:\/\/simon-weiland.de\/?page_id=263","title":{"rendered":"Musiktheater"},"content":{"rendered":"\n<p>Die Performances stehen in einer jahrtausendealten Tradition. Sie erz\u00e4hlen Geschichten. Daraus wird Theater. Es braucht nicht viel: einen Erz\u00e4hler, verschiedene Rollen und eine Gitarre.<\/p>\n\n\n\n<p>\u201e<em>Mit einer packenden Montagetechnik aus dutzenden Gedankenspr\u00fcngen und Verkn\u00fcpfungen bringt Weiland eine ganz neue Form des Theaterspielens auf die B\u00fchne<\/em>.\u201c (S\u00fcdkurier)<\/p>\n\n\n\n<p><strong>Paradiestrilogie<\/strong><\/p>\n\n\n\n<p><a href=\"https:\/\/simon-weiland.de\/?page_id=31\">Rotk\u00e4ppchen<\/a><br><a href=\"https:\/\/simon-weiland.de\/?page_id=33\">H\u00e4nsel und Gretel<\/a><br><a href=\"https:\/\/simon-weiland.de\/?page_id=35\">Der Froschk\u00f6nig<\/a><\/p>\n\n\n\n<p><strong>Menschentrilogie<\/strong><\/p>\n\n\n\n<p><a href=\"https:\/\/simon-weiland.de\/?page_id=37\">Ein starkes St\u00fcck<\/a><br><a href=\"https:\/\/simon-weiland.de\/?page_id=29\">Arm und Reich<\/a><br><a href=\"https:\/\/simon-weiland.de\/?page_id=39\">Diesseits \/ Jenseits<\/a><\/p>\n\n\n\n<p><strong>Sternentrilogie<\/strong><\/p>\n\n\n\n<p><a href=\"https:\/\/simon-weiland.de\/?page_id=27\">Die Wunderlampe<\/a><br><a href=\"https:\/\/simon-weiland.de\/?page_id=476\">Tr\u00e4ume<\/a><br><a href=\"https:\/\/simon-weiland.de\/?page_id=780\">Die Sterntaler<\/a> <\/p>\n","protected":false},"excerpt":{"rendered":"<p>Die Performances stehen in einer jahrtausendealten Tradition. Sie erz\u00e4hlen Geschichten. Daraus wird Theater. Es braucht nicht viel: einen Erz\u00e4hler, verschiedene Rollen und eine Gitarre. \u201eMit einer packenden Montagetechnik aus dutzenden Gedankenspr\u00fcngen und Verkn\u00fcpfungen bringt Weiland eine ganz neue Form des Theaterspielens auf die B\u00fchne.\u201c (S\u00fcdkurier) Paradiestrilogie Rotk\u00e4ppchenH\u00e4nsel und GretelDer Froschk\u00f6nig Menschentrilogie Ein starkes St\u00fcckArm und &hellip; <\/p>\n<p class=\"link-more\"><a href=\"https:\/\/simon-weiland.de\/?page_id=263\" class=\"more-link\"><span class=\"screen-reader-text\">\u201eMusiktheater\u201c<\/span> weiterlesen<\/a><\/p>\n","protected":false},"author":1,"featured_media":0,"parent":0,"menu_order":0,"comment_status":"closed","ping_status":"closed","template":"","meta":[],"_links":{"self":[{"href":"https:\/\/simon-weiland.de\/index.php?rest_route=\/wp\/v2\/pages\/263"}],"collection":[{"href":"https:\/\/simon-weiland.de\/index.php?rest_route=\/wp\/v2\/pages"}],"about":[{"href":"https:\/\/simon-weiland.de\/index.php?rest_route=\/wp\/v2\/types\/page"}],"author":[{"embeddable":true,"href":"https:\/\/simon-weiland.de\/index.php?rest_route=\/wp\/v2\/users\/1"}],"replies":[{"embeddable":true,"href":"https:\/\/simon-weiland.de\/index.php?rest_route=%2Fwp%2Fv2%2Fcomments&post=263"}],"version-history":[{"count":16,"href":"https:\/\/simon-weiland.de\/index.php?rest_route=\/wp\/v2\/pages\/263\/revisions"}],"predecessor-version":[{"id":2132,"href":"https:\/\/simon-weiland.de\/index.php?rest_route=\/wp\/v2\/pages\/263\/revisions\/2132"}],"wp:attachment":[{"href":"https:\/\/simon-weiland.de\/index.php?rest_route=%2Fwp%2Fv2%2Fmedia&parent=263"}],"curies":[{"name":"wp","href":"https:\/\/api.w.org\/{rel}","templated":true}]}}