{"id":31,"date":"2021-01-16T16:42:00","date_gmt":"2021-01-16T16:42:00","guid":{"rendered":"https:\/\/simon-weiland.de\/?page_id=31"},"modified":"2026-03-01T08:11:08","modified_gmt":"2026-03-01T08:11:08","slug":"blumen-des-boesen","status":"publish","type":"page","link":"https:\/\/simon-weiland.de\/?page_id=31","title":{"rendered":"Rotk\u00e4ppchen"},"content":{"rendered":"\n<p>Paradiestrilogie Teil 1<\/p>\n\n\n\n<figure class=\"wp-block-embed is-type-video is-provider-youtube wp-block-embed-youtube wp-embed-aspect-16-9 wp-has-aspect-ratio\"><div class=\"wp-block-embed__wrapper\">\n<iframe title=\"Simon Weiland: Rotk\u00e4ppchen (Trailer)\" width=\"525\" height=\"295\" src=\"https:\/\/www.youtube.com\/embed\/RuEMnQJ41bo?feature=oembed\" frameborder=\"0\" allow=\"accelerometer; autoplay; clipboard-write; encrypted-media; gyroscope; picture-in-picture; web-share\" referrerpolicy=\"strict-origin-when-cross-origin\" allowfullscreen><\/iframe>\n<\/div><\/figure>\n\n\n\n<p>Trailer<\/p>\n\n\n\n<p><strong>Mehr Info zur Performance<\/strong> <a href=\"https:\/\/simon-weiland.de\/?page_id=1414\">hier<\/a><\/p>\n\n\n\n<p><strong>Presse<\/strong> <\/p>\n\n\n\n<p><em>\u201cBeinahe faustisch zog Simon Weiland durch Religion, Philosophie und die Errungenschaften der modernen Zivilisation.\u201d <\/em>(S\u00fcdkurier) <a href=\"https:\/\/www.suedkurier.de\/region\/kreis-konstanz\/eigeltingen\/Von-Maerchen-und-boesen-Blumen;art372436,9910346\">hier<\/a> <\/p>\n\n\n\n<p><em>\u201cK\u00fchne Assoziationen, Wortspiele und Gedankenspr\u00fcnge. Der Performer ist mal ein komischer, mal G\u00e4nsehaut erzeugender Sprachk\u00fcnstler, der in keine Schublade passt.\u201d&nbsp; <\/em>(Fuldaer Zeitung)  <\/p>\n\n\n\n<div class=\"wp-block-file\"><a href=\"https:\/\/simon-weiland.de\/wp-content\/uploads\/2021\/01\/Fuldaer-Zeitung-23.10.16.jpg\">Fuldaer Zeitung 23.10.16<\/a><a href=\"https:\/\/simon-weiland.de\/wp-content\/uploads\/2021\/01\/Fuldaer-Zeitung-23.10.16.jpg\" class=\"wp-block-file__button\" download>Herunterladen<\/a><\/div>\n\n\n\n<p><strong>Video der kompletten Performance<\/strong>: <a href=\"https:\/\/www.youtube.com\/watch?v=lqmaS7btURE\">hier<\/a><br><\/p>\n","protected":false},"excerpt":{"rendered":"<p>Paradiestrilogie Teil 1 Trailer Mehr Info zur Performance hier Presse \u201cBeinahe faustisch zog Simon Weiland durch Religion, Philosophie und die Errungenschaften der modernen Zivilisation.\u201d (S\u00fcdkurier) hier \u201cK\u00fchne Assoziationen, Wortspiele und Gedankenspr\u00fcnge. Der Performer ist mal ein komischer, mal G\u00e4nsehaut erzeugender Sprachk\u00fcnstler, der in keine Schublade passt.\u201d&nbsp; (Fuldaer Zeitung) Video der kompletten Performance: hier<\/p>\n","protected":false},"author":1,"featured_media":0,"parent":0,"menu_order":0,"comment_status":"closed","ping_status":"closed","template":"","meta":[],"_links":{"self":[{"href":"https:\/\/simon-weiland.de\/index.php?rest_route=\/wp\/v2\/pages\/31"}],"collection":[{"href":"https:\/\/simon-weiland.de\/index.php?rest_route=\/wp\/v2\/pages"}],"about":[{"href":"https:\/\/simon-weiland.de\/index.php?rest_route=\/wp\/v2\/types\/page"}],"author":[{"embeddable":true,"href":"https:\/\/simon-weiland.de\/index.php?rest_route=\/wp\/v2\/users\/1"}],"replies":[{"embeddable":true,"href":"https:\/\/simon-weiland.de\/index.php?rest_route=%2Fwp%2Fv2%2Fcomments&post=31"}],"version-history":[{"count":53,"href":"https:\/\/simon-weiland.de\/index.php?rest_route=\/wp\/v2\/pages\/31\/revisions"}],"predecessor-version":[{"id":2129,"href":"https:\/\/simon-weiland.de\/index.php?rest_route=\/wp\/v2\/pages\/31\/revisions\/2129"}],"wp:attachment":[{"href":"https:\/\/simon-weiland.de\/index.php?rest_route=%2Fwp%2Fv2%2Fmedia&parent=31"}],"curies":[{"name":"wp","href":"https:\/\/api.w.org\/{rel}","templated":true}]}}