{"id":5,"date":"2021-01-16T15:12:26","date_gmt":"2021-01-16T15:12:26","guid":{"rendered":"https:\/\/simon-weiland.de\/?page_id=5"},"modified":"2026-05-04T18:07:47","modified_gmt":"2026-05-04T18:07:47","slug":"willkommen-auf-https-simon-weiland-de","status":"publish","type":"page","link":"https:\/\/simon-weiland.de\/","title":{"rendered":"Aktuell"},"content":{"rendered":"\n<div class=\"wp-block-columns\">\n<div class=\"wp-block-column\">\n<p><strong>Die n\u00e4chste Premiere:<\/strong><\/p>\n\n\n\n<figure class=\"wp-block-image size-large is-resized\"><img loading=\"lazy\" src=\"https:\/\/simon-weiland.de\/wp-content\/uploads\/2026\/02\/Ins-Blaue-5-724x1024.jpg\" alt=\"\" class=\"wp-image-2062\" width=\"299\" height=\"423\" srcset=\"https:\/\/simon-weiland.de\/wp-content\/uploads\/2026\/02\/Ins-Blaue-5-724x1024.jpg 724w, https:\/\/simon-weiland.de\/wp-content\/uploads\/2026\/02\/Ins-Blaue-5-212x300.jpg 212w, https:\/\/simon-weiland.de\/wp-content\/uploads\/2026\/02\/Ins-Blaue-5-768x1086.jpg 768w, https:\/\/simon-weiland.de\/wp-content\/uploads\/2026\/02\/Ins-Blaue-5-1086x1536.jpg 1086w, https:\/\/simon-weiland.de\/wp-content\/uploads\/2026\/02\/Ins-Blaue-5-1448x2048.jpg 1448w, https:\/\/simon-weiland.de\/wp-content\/uploads\/2026\/02\/Ins-Blaue-5.jpg 1754w\" sizes=\"(max-width: 299px) 100vw, 299px\" \/><\/figure>\n<\/div>\n<\/div>\n\n\n\n<p><strong>Und<\/strong>&#8230;     <\/p>\n\n\n\n<p>24.04.26 G\u00e4ubote Herrenberg: <br>Rezension <strong>H\u00e4nsel und Gretel<\/strong>:  <a href=\"https:\/\/www.gaeubote.de\/Nachrichten\/Die-Sprache-spielt-die-Hauptrolle-166681.html\">Die Sprache spielt die Hauptrolle<\/a><\/p>\n\n\n\n<p><em>&#8222;Mit seiner Sprachgenauigkeit, seinerSprachvirtuosit\u00e4t und Sprachvielfalt brennt der K\u00fcnstler ein wahres Wortfeuerwerk ab, das die Zuschauer herausfordert, zum Nachdenken zwingt und sie aus der Komfortzone holt.&#8220;<\/em>  <\/p>\n\n\n\n<p><\/p>\n\n\n\n<p><\/p>\n\n\n\n<p> <strong>08.05.26<\/strong> <strong>Es geht um den Blues<\/strong><br>Ein Song aus <strong>Ins Blaue<\/strong> im Rahmen des 55j\u00e4hrigen B\u00fchnenjubil\u00e4ums von Bernhard Gedrat <br>Konstanz, Kulturladen, 20.00 Uhr<br><br> <strong>10.05.26 Im Wald<\/strong><br>Konstanz, Pflanzenflohmarkt des BUND, Palmenhauspark, 12.30 Uhr<\/p>\n\n\n\n<p><strong>17.05.26 Ins Blaue<\/strong><br>Konstanz, K9, 20.00 Uhr \u2013 <strong>Premiere<\/strong><\/p>\n\n\n\n<p><strong>22.09.26 Die Sterntaler<\/strong><br>Konstanz, Tertianum, 15.15 Uhr<\/p>\n\n\n\n<p><strong>09.10.26 Ins Blaue<\/strong><br>T\u00fcbingen, Vorstadttheater, 20.00 Uhr<\/p>\n\n\n\n<h2><strong>F\u00fcr Mai 2027 in Planung<\/strong>:<\/h2>\n\n\n\n<figure class=\"wp-block-image size-large is-resized\"><img loading=\"lazy\" src=\"https:\/\/simon-weiland.de\/wp-content\/uploads\/2026\/03\/13-Tage-1-724x1024.jpg\" alt=\"\" class=\"wp-image-2235\" width=\"344\" height=\"486\" srcset=\"https:\/\/simon-weiland.de\/wp-content\/uploads\/2026\/03\/13-Tage-1-724x1024.jpg 724w, https:\/\/simon-weiland.de\/wp-content\/uploads\/2026\/03\/13-Tage-1-212x300.jpg 212w, https:\/\/simon-weiland.de\/wp-content\/uploads\/2026\/03\/13-Tage-1-768x1086.jpg 768w, https:\/\/simon-weiland.de\/wp-content\/uploads\/2026\/03\/13-Tage-1-1086x1536.jpg 1086w, https:\/\/simon-weiland.de\/wp-content\/uploads\/2026\/03\/13-Tage-1-1448x2048.jpg 1448w, https:\/\/simon-weiland.de\/wp-content\/uploads\/2026\/03\/13-Tage-1-scaled.jpg 1810w\" sizes=\"(max-width: 344px) 100vw, 344px\" \/><figcaption>Der B\u00fcrgersaal in Konstanz ist schon reserviert&#8230; <\/figcaption><\/figure>\n\n\n\n<p>Ein wohl einzigartiges Projekt: Simon spielt zw\u00f6lf verschiedene Soloprogramme innerhalb von 13 Tagen. Texte, Musik, Regie, Schauspiel, Gitarre: alles aus einer Hand. Der K\u00fcnstler will den Konstanzer\/innen nicht nur eine Werkschau seiner au\u00dfergew\u00f6hnlichen St\u00fccke zeigen, sondern auch ein Statement f\u00fcr die sogenannte Provinz setzen: die Kleinkunst einer Kleinstadt ist zu einigem f\u00e4hig.<\/p>\n\n\n\n<p><em>&#8222;Ich nehme mir die Freiheit heraus, ein so gro\u00dfes Projekt anzubieten, um Menschen an dieser Freiheit teilhaben zu lassen. Der Eintritt ist frei. Kunst ist ein Geschenk. Wer etwas schenken m\u00f6chte, kann dies aus freien St\u00fccken tun. Das gilt sowohl f\u00fcr Kunstschaffende als auch f\u00fcrs Publikum.&#8220; <\/em>  <\/p>\n\n\n\n<h2><strong><br><\/strong> <\/h2>\n\n\n\n<p><br><\/p>\n\n\n\n<h2><br><\/h2>\n\n\n\n<p><br><\/p>\n\n\n\n<p style=\"font-size:23px\"><\/p>\n\n\n\n<p><\/p>\n\n\n\n<p style=\"font-size:23px\"><\/p>\n\n\n\n<p><\/p>\n\n\n\n<p style=\"font-size:23px\"><\/p>\n\n\n\n<p><br><\/p>\n\n\n\n<p><\/p>\n\n\n\n<p><\/p>\n\n\n\n<p style=\"font-size:23px\"><\/p>\n\n\n\n<p><\/p>\n\n\n\n<p><\/p>\n\n\n\n<p><\/p>\n","protected":false},"excerpt":{"rendered":"<p>Die n\u00e4chste Premiere: Und&#8230; 24.04.26 G\u00e4ubote Herrenberg: Rezension H\u00e4nsel und Gretel: Die Sprache spielt die Hauptrolle &#8222;Mit seiner Sprachgenauigkeit, seinerSprachvirtuosit\u00e4t und Sprachvielfalt brennt der K\u00fcnstler ein wahres Wortfeuerwerk ab, das die Zuschauer herausfordert, zum Nachdenken zwingt und sie aus der Komfortzone holt.&#8220; 08.05.26 Es geht um den BluesEin Song aus Ins Blaue im Rahmen des &hellip; <\/p>\n<p class=\"link-more\"><a href=\"https:\/\/simon-weiland.de\/\" class=\"more-link\"><span class=\"screen-reader-text\">\u201eAktuell\u201c<\/span> weiterlesen<\/a><\/p>\n","protected":false},"author":1,"featured_media":0,"parent":0,"menu_order":0,"comment_status":"closed","ping_status":"open","template":"","meta":[],"_links":{"self":[{"href":"https:\/\/simon-weiland.de\/index.php?rest_route=\/wp\/v2\/pages\/5"}],"collection":[{"href":"https:\/\/simon-weiland.de\/index.php?rest_route=\/wp\/v2\/pages"}],"about":[{"href":"https:\/\/simon-weiland.de\/index.php?rest_route=\/wp\/v2\/types\/page"}],"author":[{"embeddable":true,"href":"https:\/\/simon-weiland.de\/index.php?rest_route=\/wp\/v2\/users\/1"}],"replies":[{"embeddable":true,"href":"https:\/\/simon-weiland.de\/index.php?rest_route=%2Fwp%2Fv2%2Fcomments&post=5"}],"version-history":[{"count":210,"href":"https:\/\/simon-weiland.de\/index.php?rest_route=\/wp\/v2\/pages\/5\/revisions"}],"predecessor-version":[{"id":2276,"href":"https:\/\/simon-weiland.de\/index.php?rest_route=\/wp\/v2\/pages\/5\/revisions\/2276"}],"wp:attachment":[{"href":"https:\/\/simon-weiland.de\/index.php?rest_route=%2Fwp%2Fv2%2Fmedia&parent=5"}],"curies":[{"name":"wp","href":"https:\/\/api.w.org\/{rel}","templated":true}]}}