{"id":780,"date":"2021-12-09T19:38:12","date_gmt":"2021-12-09T19:38:12","guid":{"rendered":"https:\/\/simon-weiland.de\/?page_id=780"},"modified":"2025-10-01T12:52:08","modified_gmt":"2025-10-01T12:52:08","slug":"die-sterntaler","status":"publish","type":"page","link":"https:\/\/simon-weiland.de\/?page_id=780","title":{"rendered":"Die Sterntaler"},"content":{"rendered":"\n<p>Sternentrilogie Teil 3<\/p>\n\n\n\n<figure class=\"wp-block-embed is-type-video is-provider-youtube wp-block-embed-youtube wp-embed-aspect-16-9 wp-has-aspect-ratio\"><div class=\"wp-block-embed__wrapper\">\n<iframe title=\"Simon Weiland: Die Sterntaler (Trailer)\" width=\"525\" height=\"295\" src=\"https:\/\/www.youtube.com\/embed\/B7tllqINkiw?feature=oembed\" frameborder=\"0\" allow=\"accelerometer; autoplay; clipboard-write; encrypted-media; gyroscope; picture-in-picture; web-share\" referrerpolicy=\"strict-origin-when-cross-origin\" allowfullscreen><\/iframe>\n<\/div><\/figure>\n\n\n\n<p>Trailer<\/p>\n\n\n\n<p>Die Sterne fallen vom Himmel. F\u00fcr die einen Apokalypse, f\u00fcr die anderen eine tiefe spirituelle Erfahrung. Die Performance f\u00fchrt in die transzendente Welt: das nackte Leben, der sichere Tod. Und dann?<\/p>\n\n\n\n<p>N\u00e4chste Auff\u00fchrung: <strong>22.09.26 Tertianum Konstanz, 15.15 Uhr<\/strong><br><br><br><strong>Mehr Info zur Performance<\/strong>  <a href=\"https:\/\/simon-weiland.de\/?page_id=1363\">hier<\/a><\/p>\n\n\n\n<p><strong>Presse<\/strong><\/p>\n\n\n\n<p><em>&#8222;Es gelang dem K\u00fcnstler, zum Nachdenken, aber auch zum Schmunzeln anzuregen. Ganz nach dem Grundsatz, wer lachen kann, lernt auch dabei viel \u00fcbers Leben.<\/em>&#8220; (Singener Wochenblatt)  <a href=\"https:\/\/www.wochenblatt.net\/radolfzell\/c-nachrichten\/der-sterntaler-und-der-lohn-vom-himmel_a98382?fbclid=IwAR0gLXmnX0vLz2QosoGAnfkmCs7lWTIEejha7ObTnjQfS8MG1V1TKRYbga0\" class=\"broken_link\">hier<\/a><\/p>\n\n\n\n<p><strong>Video der kompletten Performance<\/strong> <a href=\"https:\/\/www.youtube.com\/watch?v=lhK8eUXH6SA&amp;t=3253s\">hier<\/a><\/p>\n\n\n\n<p><br><\/p>\n\n\n\n<p><br> <\/p>\n","protected":false},"excerpt":{"rendered":"<p>Sternentrilogie Teil 3 Trailer Die Sterne fallen vom Himmel. F\u00fcr die einen Apokalypse, f\u00fcr die anderen eine tiefe spirituelle Erfahrung. Die Performance f\u00fchrt in die transzendente Welt: das nackte Leben, der sichere Tod. Und dann? N\u00e4chste Auff\u00fchrung: 22.09.26 Tertianum Konstanz, 15.15 Uhr Mehr Info zur Performance hier Presse &#8222;Es gelang dem K\u00fcnstler, zum Nachdenken, aber &hellip; <\/p>\n<p class=\"link-more\"><a href=\"https:\/\/simon-weiland.de\/?page_id=780\" class=\"more-link\"><span class=\"screen-reader-text\">\u201eDie Sterntaler\u201c<\/span> weiterlesen<\/a><\/p>\n","protected":false},"author":1,"featured_media":0,"parent":0,"menu_order":0,"comment_status":"closed","ping_status":"closed","template":"","meta":[],"_links":{"self":[{"href":"https:\/\/simon-weiland.de\/index.php?rest_route=\/wp\/v2\/pages\/780"}],"collection":[{"href":"https:\/\/simon-weiland.de\/index.php?rest_route=\/wp\/v2\/pages"}],"about":[{"href":"https:\/\/simon-weiland.de\/index.php?rest_route=\/wp\/v2\/types\/page"}],"author":[{"embeddable":true,"href":"https:\/\/simon-weiland.de\/index.php?rest_route=\/wp\/v2\/users\/1"}],"replies":[{"embeddable":true,"href":"https:\/\/simon-weiland.de\/index.php?rest_route=%2Fwp%2Fv2%2Fcomments&post=780"}],"version-history":[{"count":103,"href":"https:\/\/simon-weiland.de\/index.php?rest_route=\/wp\/v2\/pages\/780\/revisions"}],"predecessor-version":[{"id":1950,"href":"https:\/\/simon-weiland.de\/index.php?rest_route=\/wp\/v2\/pages\/780\/revisions\/1950"}],"wp:attachment":[{"href":"https:\/\/simon-weiland.de\/index.php?rest_route=%2Fwp%2Fv2%2Fmedia&parent=780"}],"curies":[{"name":"wp","href":"https:\/\/api.w.org\/{rel}","templated":true}]}}